{"id":387,"date":"2022-06-10T15:04:59","date_gmt":"2022-06-10T15:04:59","guid":{"rendered":"https:\/\/experiencies.resortlacosta.com\/producto\/nit-romantica\/"},"modified":"2025-12-16T14:51:32","modified_gmt":"2025-12-16T14:51:32","slug":"soiree-romantique","status":"publish","type":"product","link":"https:\/\/experiencies.resortlacosta.com\/fr\/produit\/soiree-romantique\/","title":{"rendered":"Soir\u00e9e romantique"},"content":{"rendered":"<p>Une nuit\u00e9e avec d\u00eener et massage et bouteille de cava<\/p>\n","protected":false},"excerpt":{"rendered":"<p>Profitez d&rsquo;une escapade romantique \u00e0 Pals.<\/p>\n<p>Une nuit pour deux personnes avec d\u00eener et bouteille de cava dans la chambre.<\/p>\n","protected":false},"featured_media":290,"comment_status":"open","ping_status":"closed","template":"","meta":[],"product_cat":[45,46],"product_tag":[47,48],"class_list":["post-387","product","type-product","status-publish","has-post-thumbnail","hentry","product_cat-gastronomia-fr","product_cat-relax-fr","product_tag-aquamare-fr","product_tag-masaje-fr"],"acf":[],"yoast_head":"<!-- This site is optimized with the Yoast SEO plugin v19.1 - https:\/\/yoast.com\/wordpress\/plugins\/seo\/ -->\n<title>Soir\u00e9e romantique - Resort La Costa<\/title>\n<meta name=\"description\" content=\"Estancia de una noche en La Costa Beach &amp; Golf Resort para dos personas, con desayuno y una cena en el restaurante Aquamare.\" \/>\n<meta name=\"robots\" content=\"index, follow, max-snippet:-1, max-image-preview:large, max-video-preview:-1\" \/>\n<link rel=\"canonical\" href=\"https:\/\/experiencies.resortlacosta.com\/fr\/produit\/soiree-romantique\/\" \/>\n<meta property=\"og:locale\" content=\"fr_FR\" \/>\n<meta property=\"og:type\" content=\"article\" \/>\n<meta property=\"og:title\" content=\"Soir\u00e9e romantique - Resort La Costa\" \/>\n<meta property=\"og:description\" content=\"Estancia de una noche en La Costa Beach &amp; Golf Resort para dos personas, con desayuno y una cena en el restaurante Aquamare.\" \/>\n<meta property=\"og:url\" content=\"https:\/\/experiencies.resortlacosta.com\/fr\/produit\/soiree-romantique\/\" \/>\n<meta property=\"og:site_name\" content=\"Resort La Costa\" \/>\n<meta property=\"article:modified_time\" content=\"2025-12-16T14:51:32+00:00\" \/>\n<meta property=\"og:image\" content=\"https:\/\/experiencies.resortlacosta.com\/wp-content\/uploads\/2022\/05\/romantica-02.jpg\" \/>\n\t<meta property=\"og:image:width\" content=\"1920\" \/>\n\t<meta property=\"og:image:height\" content=\"917\" \/>\n\t<meta property=\"og:image:type\" content=\"image\/jpeg\" \/>\n<meta name=\"twitter:card\" content=\"summary_large_image\" \/>\n<meta name=\"twitter:label1\" content=\"Dur\u00e9e de lecture estim\u00e9e\" \/>\n\t<meta name=\"twitter:data1\" content=\"1 minute\" \/>\n<script type=\"application\/ld+json\" class=\"yoast-schema-graph\">{\"@context\":\"https:\/\/schema.org\",\"@graph\":[{\"@type\":\"WebSite\",\"@id\":\"https:\/\/experiencies.resortlacosta.com\/#website\",\"url\":\"https:\/\/experiencies.resortlacosta.com\/\",\"name\":\"Resort La Costa\",\"description\":\"\",\"potentialAction\":[{\"@type\":\"SearchAction\",\"target\":{\"@type\":\"EntryPoint\",\"urlTemplate\":\"https:\/\/experiencies.resortlacosta.com\/?s={search_term_string}\"},\"query-input\":\"required name=search_term_string\"}],\"inLanguage\":\"fr-FR\"},{\"@type\":\"ImageObject\",\"inLanguage\":\"fr-FR\",\"@id\":\"https:\/\/experiencies.resortlacosta.com\/fr\/produit\/soiree-romantique\/#primaryimage\",\"url\":\"https:\/\/experiencies.resortlacosta.com\/wp-content\/uploads\/2022\/05\/romantica-02.jpg\",\"contentUrl\":\"https:\/\/experiencies.resortlacosta.com\/wp-content\/uploads\/2022\/05\/romantica-02.jpg\",\"width\":1920,\"height\":917},{\"@type\":\"WebPage\",\"@id\":\"https:\/\/experiencies.resortlacosta.com\/fr\/produit\/soiree-romantique\/#webpage\",\"url\":\"https:\/\/experiencies.resortlacosta.com\/fr\/produit\/soiree-romantique\/\",\"name\":\"Soir\u00e9e romantique - Resort La Costa\",\"isPartOf\":{\"@id\":\"https:\/\/experiencies.resortlacosta.com\/#website\"},\"primaryImageOfPage\":{\"@id\":\"https:\/\/experiencies.resortlacosta.com\/fr\/produit\/soiree-romantique\/#primaryimage\"},\"datePublished\":\"2022-06-10T15:04:59+00:00\",\"dateModified\":\"2025-12-16T14:51:32+00:00\",\"description\":\"Estancia de una noche en La Costa Beach & Golf Resort para dos personas, con desayuno y una cena en el restaurante Aquamare.\",\"breadcrumb\":{\"@id\":\"https:\/\/experiencies.resortlacosta.com\/fr\/produit\/soiree-romantique\/#breadcrumb\"},\"inLanguage\":\"fr-FR\",\"potentialAction\":[{\"@type\":\"ReadAction\",\"target\":[\"https:\/\/experiencies.resortlacosta.com\/fr\/produit\/soiree-romantique\/\"]}]},{\"@type\":\"BreadcrumbList\",\"@id\":\"https:\/\/experiencies.resortlacosta.com\/fr\/produit\/soiree-romantique\/#breadcrumb\",\"itemListElement\":[{\"@type\":\"ListItem\",\"position\":1,\"name\":\"Portada\",\"item\":\"https:\/\/experiencies.resortlacosta.com\/fr\/\"},{\"@type\":\"ListItem\",\"position\":2,\"name\":\"Soir\u00e9e romantique\"}]}]}<\/script>\n<!-- \/ Yoast SEO plugin. -->","yoast_head_json":{"title":"Soir\u00e9e romantique - Resort La Costa","description":"Estancia de una noche en La Costa Beach & Golf Resort para dos personas, con desayuno y una cena en el restaurante Aquamare.","robots":{"index":"index","follow":"follow","max-snippet":"max-snippet:-1","max-image-preview":"max-image-preview:large","max-video-preview":"max-video-preview:-1"},"canonical":"https:\/\/experiencies.resortlacosta.com\/fr\/produit\/soiree-romantique\/","og_locale":"fr_FR","og_type":"article","og_title":"Soir\u00e9e romantique - Resort La Costa","og_description":"Estancia de una noche en La Costa Beach & Golf Resort para dos personas, con desayuno y una cena en el restaurante Aquamare.","og_url":"https:\/\/experiencies.resortlacosta.com\/fr\/produit\/soiree-romantique\/","og_site_name":"Resort La Costa","article_modified_time":"2025-12-16T14:51:32+00:00","og_image":[{"width":1920,"height":917,"url":"https:\/\/experiencies.resortlacosta.com\/wp-content\/uploads\/2022\/05\/romantica-02.jpg","type":"image\/jpeg"}],"twitter_card":"summary_large_image","twitter_misc":{"Dur\u00e9e de lecture estim\u00e9e":"1 minute"},"schema":{"@context":"https:\/\/schema.org","@graph":[{"@type":"WebSite","@id":"https:\/\/experiencies.resortlacosta.com\/#website","url":"https:\/\/experiencies.resortlacosta.com\/","name":"Resort La Costa","description":"","potentialAction":[{"@type":"SearchAction","target":{"@type":"EntryPoint","urlTemplate":"https:\/\/experiencies.resortlacosta.com\/?s={search_term_string}"},"query-input":"required name=search_term_string"}],"inLanguage":"fr-FR"},{"@type":"ImageObject","inLanguage":"fr-FR","@id":"https:\/\/experiencies.resortlacosta.com\/fr\/produit\/soiree-romantique\/#primaryimage","url":"https:\/\/experiencies.resortlacosta.com\/wp-content\/uploads\/2022\/05\/romantica-02.jpg","contentUrl":"https:\/\/experiencies.resortlacosta.com\/wp-content\/uploads\/2022\/05\/romantica-02.jpg","width":1920,"height":917},{"@type":"WebPage","@id":"https:\/\/experiencies.resortlacosta.com\/fr\/produit\/soiree-romantique\/#webpage","url":"https:\/\/experiencies.resortlacosta.com\/fr\/produit\/soiree-romantique\/","name":"Soir\u00e9e romantique - Resort La Costa","isPartOf":{"@id":"https:\/\/experiencies.resortlacosta.com\/#website"},"primaryImageOfPage":{"@id":"https:\/\/experiencies.resortlacosta.com\/fr\/produit\/soiree-romantique\/#primaryimage"},"datePublished":"2022-06-10T15:04:59+00:00","dateModified":"2025-12-16T14:51:32+00:00","description":"Estancia de una noche en La Costa Beach & Golf Resort para dos personas, con desayuno y una cena en el restaurante Aquamare.","breadcrumb":{"@id":"https:\/\/experiencies.resortlacosta.com\/fr\/produit\/soiree-romantique\/#breadcrumb"},"inLanguage":"fr-FR","potentialAction":[{"@type":"ReadAction","target":["https:\/\/experiencies.resortlacosta.com\/fr\/produit\/soiree-romantique\/"]}]},{"@type":"BreadcrumbList","@id":"https:\/\/experiencies.resortlacosta.com\/fr\/produit\/soiree-romantique\/#breadcrumb","itemListElement":[{"@type":"ListItem","position":1,"name":"Portada","item":"https:\/\/experiencies.resortlacosta.com\/fr\/"},{"@type":"ListItem","position":2,"name":"Soir\u00e9e romantique"}]}]}},"_links":{"self":[{"href":"https:\/\/experiencies.resortlacosta.com\/fr\/wp-json\/wp\/v2\/product\/387","targetHints":{"allow":["GET"]}}],"collection":[{"href":"https:\/\/experiencies.resortlacosta.com\/fr\/wp-json\/wp\/v2\/product"}],"about":[{"href":"https:\/\/experiencies.resortlacosta.com\/fr\/wp-json\/wp\/v2\/types\/product"}],"replies":[{"embeddable":true,"href":"https:\/\/experiencies.resortlacosta.com\/fr\/wp-json\/wp\/v2\/comments?post=387"}],"wp:featuredmedia":[{"embeddable":true,"href":"https:\/\/experiencies.resortlacosta.com\/fr\/wp-json\/wp\/v2\/media\/290"}],"wp:attachment":[{"href":"https:\/\/experiencies.resortlacosta.com\/fr\/wp-json\/wp\/v2\/media?parent=387"}],"wp:term":[{"taxonomy":"product_cat","embeddable":true,"href":"https:\/\/experiencies.resortlacosta.com\/fr\/wp-json\/wp\/v2\/product_cat?post=387"},{"taxonomy":"product_tag","embeddable":true,"href":"https:\/\/experiencies.resortlacosta.com\/fr\/wp-json\/wp\/v2\/product_tag?post=387"}],"curies":[{"name":"wp","href":"https:\/\/api.w.org\/{rel}","templated":true}]}}