{"id":405,"date":"2022-06-10T10:17:28","date_gmt":"2022-06-10T10:17:28","guid":{"rendered":"https:\/\/experiencies.resortlacosta.com\/producto\/golf-a-pals\/"},"modified":"2025-12-16T15:20:24","modified_gmt":"2025-12-16T15:20:24","slug":"golf-a-pals","status":"publish","type":"product","link":"https:\/\/experiencies.resortlacosta.com\/fr\/produit\/golf-a-pals\/","title":{"rendered":"Golf \u00e0 Pals"},"content":{"rendered":"<p>Escapade de golf parfaite dans le Golf de Pals et avec le meilleur repos de La Costa.<\/p>\n<p>Une nuit\u00e9e avec petit-d\u00e9jeuner au restaurant Greens et avec un green fee par personne au Golf de Pals (acc\u00e8s direct).<\/p>\n","protected":false},"excerpt":{"rendered":"<p>Escapade de golf parfaite au Golf de Pals et avec le meilleur repos \u00e0 l&rsquo;h\u00f4tel La Costa.<\/p>\n","protected":false},"featured_media":301,"comment_status":"open","ping_status":"closed","template":"","meta":[],"product_cat":[50],"product_tag":[],"class_list":["post-405","product","type-product","status-publish","has-post-thumbnail","hentry","product_cat-sin-categorizar-fr"],"acf":[],"yoast_head":"<!-- This site is optimized with the Yoast SEO plugin v19.1 - https:\/\/yoast.com\/wordpress\/plugins\/seo\/ -->\n<title>Golf \u00e0 Pals - Resort La Costa<\/title>\n<meta name=\"robots\" content=\"index, follow, max-snippet:-1, max-image-preview:large, max-video-preview:-1\" \/>\n<link rel=\"canonical\" href=\"https:\/\/experiencies.resortlacosta.com\/fr\/produit\/golf-a-pals\/\" \/>\n<meta property=\"og:locale\" content=\"fr_FR\" \/>\n<meta property=\"og:type\" content=\"article\" \/>\n<meta property=\"og:title\" content=\"Golf \u00e0 Pals - Resort La Costa\" \/>\n<meta property=\"og:description\" content=\"Escapade de golf parfaite au Golf de Pals et avec le meilleur repos \u00e0 l&#039;h\u00f4tel La Costa.\" \/>\n<meta property=\"og:url\" content=\"https:\/\/experiencies.resortlacosta.com\/fr\/produit\/golf-a-pals\/\" \/>\n<meta property=\"og:site_name\" content=\"Resort La Costa\" \/>\n<meta property=\"article:modified_time\" content=\"2025-12-16T15:20:24+00:00\" \/>\n<meta property=\"og:image\" content=\"https:\/\/experiencies.resortlacosta.com\/wp-content\/uploads\/2022\/06\/Pals9tee_newslee.jpg\" \/>\n\t<meta property=\"og:image:width\" content=\"1500\" \/>\n\t<meta property=\"og:image:height\" content=\"884\" \/>\n\t<meta property=\"og:image:type\" content=\"image\/jpeg\" \/>\n<meta name=\"twitter:card\" content=\"summary_large_image\" \/>\n<script type=\"application\/ld+json\" class=\"yoast-schema-graph\">{\"@context\":\"https:\/\/schema.org\",\"@graph\":[{\"@type\":\"WebSite\",\"@id\":\"https:\/\/experiencies.resortlacosta.com\/#website\",\"url\":\"https:\/\/experiencies.resortlacosta.com\/\",\"name\":\"Resort La Costa\",\"description\":\"\",\"potentialAction\":[{\"@type\":\"SearchAction\",\"target\":{\"@type\":\"EntryPoint\",\"urlTemplate\":\"https:\/\/experiencies.resortlacosta.com\/?s={search_term_string}\"},\"query-input\":\"required name=search_term_string\"}],\"inLanguage\":\"fr-FR\"},{\"@type\":\"ImageObject\",\"inLanguage\":\"fr-FR\",\"@id\":\"https:\/\/experiencies.resortlacosta.com\/fr\/produit\/golf-a-pals\/#primaryimage\",\"url\":\"https:\/\/experiencies.resortlacosta.com\/wp-content\/uploads\/2022\/06\/Pals9tee_newslee.jpg\",\"contentUrl\":\"https:\/\/experiencies.resortlacosta.com\/wp-content\/uploads\/2022\/06\/Pals9tee_newslee.jpg\",\"width\":1500,\"height\":884},{\"@type\":\"WebPage\",\"@id\":\"https:\/\/experiencies.resortlacosta.com\/fr\/produit\/golf-a-pals\/#webpage\",\"url\":\"https:\/\/experiencies.resortlacosta.com\/fr\/produit\/golf-a-pals\/\",\"name\":\"Golf \u00e0 Pals - Resort La Costa\",\"isPartOf\":{\"@id\":\"https:\/\/experiencies.resortlacosta.com\/#website\"},\"primaryImageOfPage\":{\"@id\":\"https:\/\/experiencies.resortlacosta.com\/fr\/produit\/golf-a-pals\/#primaryimage\"},\"datePublished\":\"2022-06-10T10:17:28+00:00\",\"dateModified\":\"2025-12-16T15:20:24+00:00\",\"breadcrumb\":{\"@id\":\"https:\/\/experiencies.resortlacosta.com\/fr\/produit\/golf-a-pals\/#breadcrumb\"},\"inLanguage\":\"fr-FR\",\"potentialAction\":[{\"@type\":\"ReadAction\",\"target\":[\"https:\/\/experiencies.resortlacosta.com\/fr\/produit\/golf-a-pals\/\"]}]},{\"@type\":\"BreadcrumbList\",\"@id\":\"https:\/\/experiencies.resortlacosta.com\/fr\/produit\/golf-a-pals\/#breadcrumb\",\"itemListElement\":[{\"@type\":\"ListItem\",\"position\":1,\"name\":\"Portada\",\"item\":\"https:\/\/experiencies.resortlacosta.com\/fr\/\"},{\"@type\":\"ListItem\",\"position\":2,\"name\":\"Golf \u00e0 Pals\"}]}]}<\/script>\n<!-- \/ Yoast SEO plugin. -->","yoast_head_json":{"title":"Golf \u00e0 Pals - Resort La Costa","robots":{"index":"index","follow":"follow","max-snippet":"max-snippet:-1","max-image-preview":"max-image-preview:large","max-video-preview":"max-video-preview:-1"},"canonical":"https:\/\/experiencies.resortlacosta.com\/fr\/produit\/golf-a-pals\/","og_locale":"fr_FR","og_type":"article","og_title":"Golf \u00e0 Pals - Resort La Costa","og_description":"Escapade de golf parfaite au Golf de Pals et avec le meilleur repos \u00e0 l'h\u00f4tel La Costa.","og_url":"https:\/\/experiencies.resortlacosta.com\/fr\/produit\/golf-a-pals\/","og_site_name":"Resort La Costa","article_modified_time":"2025-12-16T15:20:24+00:00","og_image":[{"width":1500,"height":884,"url":"https:\/\/experiencies.resortlacosta.com\/wp-content\/uploads\/2022\/06\/Pals9tee_newslee.jpg","type":"image\/jpeg"}],"twitter_card":"summary_large_image","schema":{"@context":"https:\/\/schema.org","@graph":[{"@type":"WebSite","@id":"https:\/\/experiencies.resortlacosta.com\/#website","url":"https:\/\/experiencies.resortlacosta.com\/","name":"Resort La Costa","description":"","potentialAction":[{"@type":"SearchAction","target":{"@type":"EntryPoint","urlTemplate":"https:\/\/experiencies.resortlacosta.com\/?s={search_term_string}"},"query-input":"required name=search_term_string"}],"inLanguage":"fr-FR"},{"@type":"ImageObject","inLanguage":"fr-FR","@id":"https:\/\/experiencies.resortlacosta.com\/fr\/produit\/golf-a-pals\/#primaryimage","url":"https:\/\/experiencies.resortlacosta.com\/wp-content\/uploads\/2022\/06\/Pals9tee_newslee.jpg","contentUrl":"https:\/\/experiencies.resortlacosta.com\/wp-content\/uploads\/2022\/06\/Pals9tee_newslee.jpg","width":1500,"height":884},{"@type":"WebPage","@id":"https:\/\/experiencies.resortlacosta.com\/fr\/produit\/golf-a-pals\/#webpage","url":"https:\/\/experiencies.resortlacosta.com\/fr\/produit\/golf-a-pals\/","name":"Golf \u00e0 Pals - Resort La Costa","isPartOf":{"@id":"https:\/\/experiencies.resortlacosta.com\/#website"},"primaryImageOfPage":{"@id":"https:\/\/experiencies.resortlacosta.com\/fr\/produit\/golf-a-pals\/#primaryimage"},"datePublished":"2022-06-10T10:17:28+00:00","dateModified":"2025-12-16T15:20:24+00:00","breadcrumb":{"@id":"https:\/\/experiencies.resortlacosta.com\/fr\/produit\/golf-a-pals\/#breadcrumb"},"inLanguage":"fr-FR","potentialAction":[{"@type":"ReadAction","target":["https:\/\/experiencies.resortlacosta.com\/fr\/produit\/golf-a-pals\/"]}]},{"@type":"BreadcrumbList","@id":"https:\/\/experiencies.resortlacosta.com\/fr\/produit\/golf-a-pals\/#breadcrumb","itemListElement":[{"@type":"ListItem","position":1,"name":"Portada","item":"https:\/\/experiencies.resortlacosta.com\/fr\/"},{"@type":"ListItem","position":2,"name":"Golf \u00e0 Pals"}]}]}},"_links":{"self":[{"href":"https:\/\/experiencies.resortlacosta.com\/fr\/wp-json\/wp\/v2\/product\/405","targetHints":{"allow":["GET"]}}],"collection":[{"href":"https:\/\/experiencies.resortlacosta.com\/fr\/wp-json\/wp\/v2\/product"}],"about":[{"href":"https:\/\/experiencies.resortlacosta.com\/fr\/wp-json\/wp\/v2\/types\/product"}],"replies":[{"embeddable":true,"href":"https:\/\/experiencies.resortlacosta.com\/fr\/wp-json\/wp\/v2\/comments?post=405"}],"wp:featuredmedia":[{"embeddable":true,"href":"https:\/\/experiencies.resortlacosta.com\/fr\/wp-json\/wp\/v2\/media\/301"}],"wp:attachment":[{"href":"https:\/\/experiencies.resortlacosta.com\/fr\/wp-json\/wp\/v2\/media?parent=405"}],"wp:term":[{"taxonomy":"product_cat","embeddable":true,"href":"https:\/\/experiencies.resortlacosta.com\/fr\/wp-json\/wp\/v2\/product_cat?post=405"},{"taxonomy":"product_tag","embeddable":true,"href":"https:\/\/experiencies.resortlacosta.com\/fr\/wp-json\/wp\/v2\/product_tag?post=405"}],"curies":[{"name":"wp","href":"https:\/\/api.w.org\/{rel}","templated":true}]}}