{"id":410,"date":"2022-05-27T10:55:43","date_gmt":"2022-05-27T10:55:43","guid":{"rendered":"https:\/\/experiencies.resortlacosta.com\/producto\/relax-amb-parella\/"},"modified":"2025-12-16T14:34:06","modified_gmt":"2025-12-16T14:34:06","slug":"se-detendre-en-couple","status":"publish","type":"product","link":"https:\/\/experiencies.resortlacosta.com\/fr\/produit\/se-detendre-en-couple\/","title":{"rendered":"Se d\u00e9tendre en couple"},"content":{"rendered":"<p>Une nuit\u00e9e avec d\u00eener et un massage de 30 minutes par personne.<\/p>\n","protected":false},"excerpt":{"rendered":"<p>Profitez d&rsquo;une escapade romantique et relaxante au La Costa Resort.<\/p>\n<p>Une nuit pour deux personnes avec d\u00eener et petit-d\u00e9jeuner.<\/p>\n","protected":false},"featured_media":283,"comment_status":"open","ping_status":"closed","template":"","meta":[],"product_cat":[45,46],"product_tag":[47,48],"class_list":["post-410","product","type-product","status-publish","has-post-thumbnail","hentry","product_cat-gastronomia-fr","product_cat-relax-fr","product_tag-aquamare-fr","product_tag-masaje-fr"],"acf":[],"yoast_head":"<!-- This site is optimized with the Yoast SEO plugin v19.1 - https:\/\/yoast.com\/wordpress\/plugins\/seo\/ -->\n<title>Se d\u00e9tendre en couple - Resort La Costa<\/title>\n<meta name=\"description\" content=\"Estancia de una noche en La Costa Beach &amp; Golf Resort para dos personas, con desayuno y una cena en el restaurante Aquamare.\" \/>\n<meta name=\"robots\" content=\"index, follow, max-snippet:-1, max-image-preview:large, max-video-preview:-1\" \/>\n<link rel=\"canonical\" href=\"https:\/\/experiencies.resortlacosta.com\/fr\/produit\/se-detendre-en-couple\/\" \/>\n<meta property=\"og:locale\" content=\"fr_FR\" \/>\n<meta property=\"og:type\" content=\"article\" \/>\n<meta property=\"og:title\" content=\"Se d\u00e9tendre en couple - Resort La Costa\" \/>\n<meta property=\"og:description\" content=\"Estancia de una noche en La Costa Beach &amp; Golf Resort para dos personas, con desayuno y una cena en el restaurante Aquamare.\" \/>\n<meta property=\"og:url\" content=\"https:\/\/experiencies.resortlacosta.com\/fr\/produit\/se-detendre-en-couple\/\" \/>\n<meta property=\"og:site_name\" content=\"Resort La Costa\" \/>\n<meta property=\"article:modified_time\" content=\"2025-12-16T14:34:06+00:00\" \/>\n<meta property=\"og:image\" content=\"https:\/\/experiencies.resortlacosta.com\/wp-content\/uploads\/2022\/05\/romantica-01.jpg\" \/>\n\t<meta property=\"og:image:width\" content=\"1920\" \/>\n\t<meta property=\"og:image:height\" content=\"917\" \/>\n\t<meta property=\"og:image:type\" content=\"image\/jpeg\" \/>\n<meta name=\"twitter:card\" content=\"summary_large_image\" \/>\n<meta name=\"twitter:label1\" content=\"Dur\u00e9e de lecture estim\u00e9e\" \/>\n\t<meta name=\"twitter:data1\" content=\"1 minute\" \/>\n<script type=\"application\/ld+json\" class=\"yoast-schema-graph\">{\"@context\":\"https:\/\/schema.org\",\"@graph\":[{\"@type\":\"WebSite\",\"@id\":\"https:\/\/experiencies.resortlacosta.com\/#website\",\"url\":\"https:\/\/experiencies.resortlacosta.com\/\",\"name\":\"Resort La Costa\",\"description\":\"\",\"potentialAction\":[{\"@type\":\"SearchAction\",\"target\":{\"@type\":\"EntryPoint\",\"urlTemplate\":\"https:\/\/experiencies.resortlacosta.com\/?s={search_term_string}\"},\"query-input\":\"required name=search_term_string\"}],\"inLanguage\":\"fr-FR\"},{\"@type\":\"ImageObject\",\"inLanguage\":\"fr-FR\",\"@id\":\"https:\/\/experiencies.resortlacosta.com\/fr\/produit\/se-detendre-en-couple\/#primaryimage\",\"url\":\"https:\/\/experiencies.resortlacosta.com\/wp-content\/uploads\/2022\/05\/romantica-01.jpg\",\"contentUrl\":\"https:\/\/experiencies.resortlacosta.com\/wp-content\/uploads\/2022\/05\/romantica-01.jpg\",\"width\":1920,\"height\":917},{\"@type\":\"WebPage\",\"@id\":\"https:\/\/experiencies.resortlacosta.com\/fr\/produit\/se-detendre-en-couple\/#webpage\",\"url\":\"https:\/\/experiencies.resortlacosta.com\/fr\/produit\/se-detendre-en-couple\/\",\"name\":\"Se d\u00e9tendre en couple - Resort La Costa\",\"isPartOf\":{\"@id\":\"https:\/\/experiencies.resortlacosta.com\/#website\"},\"primaryImageOfPage\":{\"@id\":\"https:\/\/experiencies.resortlacosta.com\/fr\/produit\/se-detendre-en-couple\/#primaryimage\"},\"datePublished\":\"2022-05-27T10:55:43+00:00\",\"dateModified\":\"2025-12-16T14:34:06+00:00\",\"description\":\"Estancia de una noche en La Costa Beach & Golf Resort para dos personas, con desayuno y una cena en el restaurante Aquamare.\",\"breadcrumb\":{\"@id\":\"https:\/\/experiencies.resortlacosta.com\/fr\/produit\/se-detendre-en-couple\/#breadcrumb\"},\"inLanguage\":\"fr-FR\",\"potentialAction\":[{\"@type\":\"ReadAction\",\"target\":[\"https:\/\/experiencies.resortlacosta.com\/fr\/produit\/se-detendre-en-couple\/\"]}]},{\"@type\":\"BreadcrumbList\",\"@id\":\"https:\/\/experiencies.resortlacosta.com\/fr\/produit\/se-detendre-en-couple\/#breadcrumb\",\"itemListElement\":[{\"@type\":\"ListItem\",\"position\":1,\"name\":\"Portada\",\"item\":\"https:\/\/experiencies.resortlacosta.com\/fr\/\"},{\"@type\":\"ListItem\",\"position\":2,\"name\":\"Se d\u00e9tendre en couple\"}]}]}<\/script>\n<!-- \/ Yoast SEO plugin. -->","yoast_head_json":{"title":"Se d\u00e9tendre en couple - Resort La Costa","description":"Estancia de una noche en La Costa Beach & Golf Resort para dos personas, con desayuno y una cena en el restaurante Aquamare.","robots":{"index":"index","follow":"follow","max-snippet":"max-snippet:-1","max-image-preview":"max-image-preview:large","max-video-preview":"max-video-preview:-1"},"canonical":"https:\/\/experiencies.resortlacosta.com\/fr\/produit\/se-detendre-en-couple\/","og_locale":"fr_FR","og_type":"article","og_title":"Se d\u00e9tendre en couple - Resort La Costa","og_description":"Estancia de una noche en La Costa Beach & Golf Resort para dos personas, con desayuno y una cena en el restaurante Aquamare.","og_url":"https:\/\/experiencies.resortlacosta.com\/fr\/produit\/se-detendre-en-couple\/","og_site_name":"Resort La Costa","article_modified_time":"2025-12-16T14:34:06+00:00","og_image":[{"width":1920,"height":917,"url":"https:\/\/experiencies.resortlacosta.com\/wp-content\/uploads\/2022\/05\/romantica-01.jpg","type":"image\/jpeg"}],"twitter_card":"summary_large_image","twitter_misc":{"Dur\u00e9e de lecture estim\u00e9e":"1 minute"},"schema":{"@context":"https:\/\/schema.org","@graph":[{"@type":"WebSite","@id":"https:\/\/experiencies.resortlacosta.com\/#website","url":"https:\/\/experiencies.resortlacosta.com\/","name":"Resort La Costa","description":"","potentialAction":[{"@type":"SearchAction","target":{"@type":"EntryPoint","urlTemplate":"https:\/\/experiencies.resortlacosta.com\/?s={search_term_string}"},"query-input":"required name=search_term_string"}],"inLanguage":"fr-FR"},{"@type":"ImageObject","inLanguage":"fr-FR","@id":"https:\/\/experiencies.resortlacosta.com\/fr\/produit\/se-detendre-en-couple\/#primaryimage","url":"https:\/\/experiencies.resortlacosta.com\/wp-content\/uploads\/2022\/05\/romantica-01.jpg","contentUrl":"https:\/\/experiencies.resortlacosta.com\/wp-content\/uploads\/2022\/05\/romantica-01.jpg","width":1920,"height":917},{"@type":"WebPage","@id":"https:\/\/experiencies.resortlacosta.com\/fr\/produit\/se-detendre-en-couple\/#webpage","url":"https:\/\/experiencies.resortlacosta.com\/fr\/produit\/se-detendre-en-couple\/","name":"Se d\u00e9tendre en couple - Resort La Costa","isPartOf":{"@id":"https:\/\/experiencies.resortlacosta.com\/#website"},"primaryImageOfPage":{"@id":"https:\/\/experiencies.resortlacosta.com\/fr\/produit\/se-detendre-en-couple\/#primaryimage"},"datePublished":"2022-05-27T10:55:43+00:00","dateModified":"2025-12-16T14:34:06+00:00","description":"Estancia de una noche en La Costa Beach & Golf Resort para dos personas, con desayuno y una cena en el restaurante Aquamare.","breadcrumb":{"@id":"https:\/\/experiencies.resortlacosta.com\/fr\/produit\/se-detendre-en-couple\/#breadcrumb"},"inLanguage":"fr-FR","potentialAction":[{"@type":"ReadAction","target":["https:\/\/experiencies.resortlacosta.com\/fr\/produit\/se-detendre-en-couple\/"]}]},{"@type":"BreadcrumbList","@id":"https:\/\/experiencies.resortlacosta.com\/fr\/produit\/se-detendre-en-couple\/#breadcrumb","itemListElement":[{"@type":"ListItem","position":1,"name":"Portada","item":"https:\/\/experiencies.resortlacosta.com\/fr\/"},{"@type":"ListItem","position":2,"name":"Se d\u00e9tendre en couple"}]}]}},"_links":{"self":[{"href":"https:\/\/experiencies.resortlacosta.com\/fr\/wp-json\/wp\/v2\/product\/410","targetHints":{"allow":["GET"]}}],"collection":[{"href":"https:\/\/experiencies.resortlacosta.com\/fr\/wp-json\/wp\/v2\/product"}],"about":[{"href":"https:\/\/experiencies.resortlacosta.com\/fr\/wp-json\/wp\/v2\/types\/product"}],"replies":[{"embeddable":true,"href":"https:\/\/experiencies.resortlacosta.com\/fr\/wp-json\/wp\/v2\/comments?post=410"}],"wp:featuredmedia":[{"embeddable":true,"href":"https:\/\/experiencies.resortlacosta.com\/fr\/wp-json\/wp\/v2\/media\/283"}],"wp:attachment":[{"href":"https:\/\/experiencies.resortlacosta.com\/fr\/wp-json\/wp\/v2\/media?parent=410"}],"wp:term":[{"taxonomy":"product_cat","embeddable":true,"href":"https:\/\/experiencies.resortlacosta.com\/fr\/wp-json\/wp\/v2\/product_cat?post=410"},{"taxonomy":"product_tag","embeddable":true,"href":"https:\/\/experiencies.resortlacosta.com\/fr\/wp-json\/wp\/v2\/product_tag?post=410"}],"curies":[{"name":"wp","href":"https:\/\/api.w.org\/{rel}","templated":true}]}}