{"id":420,"date":"2022-05-27T07:42:16","date_gmt":"2022-05-27T07:42:16","guid":{"rendered":"https:\/\/experiencies.resortlacosta.com\/producto\/experiencia-golf-birdie\/"},"modified":"2025-12-16T14:23:54","modified_gmt":"2025-12-16T14:23:54","slug":"birdie-golf-experience","status":"publish","type":"product","link":"https:\/\/experiencies.resortlacosta.com\/fr\/produit\/birdie-golf-experience\/","title":{"rendered":"Birdie Golf Experience"},"content":{"rendered":"<p>Escapade pour les amateurs de golf.<\/p>\n<p>S\u00e9jour de deux nuits avec petit d\u00e9jeuner au restaurant Greens et d\u00eener au restaurant Aquamare de l&rsquo;h\u00f4tel, avec un green fee par personne dans le Golfe de Pals (acc\u00e8s direct).<\/p>\n","protected":false},"excerpt":{"rendered":"<p>Escapade de deux nuits pour les amateurs de golf, sur les 18 trous du Golf de Pals, le premier terrain de golf de la Costa Brava, avec acc\u00e8s direct depuis l&rsquo;h\u00f4tel.<\/p>\n<p>&nbsp;<\/p>\n","protected":false},"featured_media":304,"comment_status":"open","ping_status":"closed","template":"","meta":[],"product_cat":[50],"product_tag":[],"class_list":["post-420","product","type-product","status-publish","has-post-thumbnail","hentry","product_cat-sin-categorizar-fr"],"acf":[],"yoast_head":"<!-- This site is optimized with the Yoast SEO plugin v19.1 - https:\/\/yoast.com\/wordpress\/plugins\/seo\/ -->\n<title>Birdie Golf Experience - Resort La Costa<\/title>\n<meta name=\"robots\" content=\"index, follow, max-snippet:-1, max-image-preview:large, max-video-preview:-1\" \/>\n<link rel=\"canonical\" href=\"https:\/\/experiencies.resortlacosta.com\/fr\/produit\/birdie-golf-experience\/\" \/>\n<meta property=\"og:locale\" content=\"fr_FR\" \/>\n<meta property=\"og:type\" content=\"article\" \/>\n<meta property=\"og:title\" content=\"Birdie Golf Experience - Resort La Costa\" \/>\n<meta property=\"og:description\" content=\"Escapade de deux nuits pour les amateurs de golf, sur les 18 trous du Golf de Pals, le premier terrain de golf de la Costa Brava, avec acc\u00e8s direct depuis l&#039;h\u00f4tel.  &nbsp;\" \/>\n<meta property=\"og:url\" content=\"https:\/\/experiencies.resortlacosta.com\/fr\/produit\/birdie-golf-experience\/\" \/>\n<meta property=\"og:site_name\" content=\"Resort La Costa\" \/>\n<meta property=\"article:modified_time\" content=\"2025-12-16T14:23:54+00:00\" \/>\n<meta property=\"og:image\" content=\"https:\/\/experiencies.resortlacosta.com\/wp-content\/uploads\/2022\/06\/009_Golf_De_Pals_JacobSjoman_16BITS_V1-1-scaled.jpg\" \/>\n\t<meta property=\"og:image:width\" content=\"2560\" \/>\n\t<meta property=\"og:image:height\" content=\"1917\" \/>\n\t<meta property=\"og:image:type\" content=\"image\/jpeg\" \/>\n<meta name=\"twitter:card\" content=\"summary_large_image\" \/>\n<meta name=\"twitter:label1\" content=\"Dur\u00e9e de lecture estim\u00e9e\" \/>\n\t<meta name=\"twitter:data1\" content=\"1 minute\" \/>\n<script type=\"application\/ld+json\" class=\"yoast-schema-graph\">{\"@context\":\"https:\/\/schema.org\",\"@graph\":[{\"@type\":\"WebSite\",\"@id\":\"https:\/\/experiencies.resortlacosta.com\/#website\",\"url\":\"https:\/\/experiencies.resortlacosta.com\/\",\"name\":\"Resort La Costa\",\"description\":\"\",\"potentialAction\":[{\"@type\":\"SearchAction\",\"target\":{\"@type\":\"EntryPoint\",\"urlTemplate\":\"https:\/\/experiencies.resortlacosta.com\/?s={search_term_string}\"},\"query-input\":\"required name=search_term_string\"}],\"inLanguage\":\"fr-FR\"},{\"@type\":\"ImageObject\",\"inLanguage\":\"fr-FR\",\"@id\":\"https:\/\/experiencies.resortlacosta.com\/fr\/produit\/birdie-golf-experience\/#primaryimage\",\"url\":\"https:\/\/experiencies.resortlacosta.com\/wp-content\/uploads\/2022\/06\/009_Golf_De_Pals_JacobSjoman_16BITS_V1-1-scaled.jpg\",\"contentUrl\":\"https:\/\/experiencies.resortlacosta.com\/wp-content\/uploads\/2022\/06\/009_Golf_De_Pals_JacobSjoman_16BITS_V1-1-scaled.jpg\",\"width\":2560,\"height\":1917,\"caption\":\"(C) Jacob Sj\u00f6man. jacob@sjomanart.com\"},{\"@type\":\"WebPage\",\"@id\":\"https:\/\/experiencies.resortlacosta.com\/fr\/produit\/birdie-golf-experience\/#webpage\",\"url\":\"https:\/\/experiencies.resortlacosta.com\/fr\/produit\/birdie-golf-experience\/\",\"name\":\"Birdie Golf Experience - Resort La Costa\",\"isPartOf\":{\"@id\":\"https:\/\/experiencies.resortlacosta.com\/#website\"},\"primaryImageOfPage\":{\"@id\":\"https:\/\/experiencies.resortlacosta.com\/fr\/produit\/birdie-golf-experience\/#primaryimage\"},\"datePublished\":\"2022-05-27T07:42:16+00:00\",\"dateModified\":\"2025-12-16T14:23:54+00:00\",\"breadcrumb\":{\"@id\":\"https:\/\/experiencies.resortlacosta.com\/fr\/produit\/birdie-golf-experience\/#breadcrumb\"},\"inLanguage\":\"fr-FR\",\"potentialAction\":[{\"@type\":\"ReadAction\",\"target\":[\"https:\/\/experiencies.resortlacosta.com\/fr\/produit\/birdie-golf-experience\/\"]}]},{\"@type\":\"BreadcrumbList\",\"@id\":\"https:\/\/experiencies.resortlacosta.com\/fr\/produit\/birdie-golf-experience\/#breadcrumb\",\"itemListElement\":[{\"@type\":\"ListItem\",\"position\":1,\"name\":\"Portada\",\"item\":\"https:\/\/experiencies.resortlacosta.com\/fr\/\"},{\"@type\":\"ListItem\",\"position\":2,\"name\":\"Birdie Golf Experience\"}]}]}<\/script>\n<!-- \/ Yoast SEO plugin. -->","yoast_head_json":{"title":"Birdie Golf Experience - Resort La Costa","robots":{"index":"index","follow":"follow","max-snippet":"max-snippet:-1","max-image-preview":"max-image-preview:large","max-video-preview":"max-video-preview:-1"},"canonical":"https:\/\/experiencies.resortlacosta.com\/fr\/produit\/birdie-golf-experience\/","og_locale":"fr_FR","og_type":"article","og_title":"Birdie Golf Experience - Resort La Costa","og_description":"Escapade de deux nuits pour les amateurs de golf, sur les 18 trous du Golf de Pals, le premier terrain de golf de la Costa Brava, avec acc\u00e8s direct depuis l'h\u00f4tel.  &nbsp;","og_url":"https:\/\/experiencies.resortlacosta.com\/fr\/produit\/birdie-golf-experience\/","og_site_name":"Resort La Costa","article_modified_time":"2025-12-16T14:23:54+00:00","og_image":[{"width":2560,"height":1917,"url":"https:\/\/experiencies.resortlacosta.com\/wp-content\/uploads\/2022\/06\/009_Golf_De_Pals_JacobSjoman_16BITS_V1-1-scaled.jpg","type":"image\/jpeg"}],"twitter_card":"summary_large_image","twitter_misc":{"Dur\u00e9e de lecture estim\u00e9e":"1 minute"},"schema":{"@context":"https:\/\/schema.org","@graph":[{"@type":"WebSite","@id":"https:\/\/experiencies.resortlacosta.com\/#website","url":"https:\/\/experiencies.resortlacosta.com\/","name":"Resort La Costa","description":"","potentialAction":[{"@type":"SearchAction","target":{"@type":"EntryPoint","urlTemplate":"https:\/\/experiencies.resortlacosta.com\/?s={search_term_string}"},"query-input":"required name=search_term_string"}],"inLanguage":"fr-FR"},{"@type":"ImageObject","inLanguage":"fr-FR","@id":"https:\/\/experiencies.resortlacosta.com\/fr\/produit\/birdie-golf-experience\/#primaryimage","url":"https:\/\/experiencies.resortlacosta.com\/wp-content\/uploads\/2022\/06\/009_Golf_De_Pals_JacobSjoman_16BITS_V1-1-scaled.jpg","contentUrl":"https:\/\/experiencies.resortlacosta.com\/wp-content\/uploads\/2022\/06\/009_Golf_De_Pals_JacobSjoman_16BITS_V1-1-scaled.jpg","width":2560,"height":1917,"caption":"(C) Jacob Sj\u00f6man. jacob@sjomanart.com"},{"@type":"WebPage","@id":"https:\/\/experiencies.resortlacosta.com\/fr\/produit\/birdie-golf-experience\/#webpage","url":"https:\/\/experiencies.resortlacosta.com\/fr\/produit\/birdie-golf-experience\/","name":"Birdie Golf Experience - Resort La Costa","isPartOf":{"@id":"https:\/\/experiencies.resortlacosta.com\/#website"},"primaryImageOfPage":{"@id":"https:\/\/experiencies.resortlacosta.com\/fr\/produit\/birdie-golf-experience\/#primaryimage"},"datePublished":"2022-05-27T07:42:16+00:00","dateModified":"2025-12-16T14:23:54+00:00","breadcrumb":{"@id":"https:\/\/experiencies.resortlacosta.com\/fr\/produit\/birdie-golf-experience\/#breadcrumb"},"inLanguage":"fr-FR","potentialAction":[{"@type":"ReadAction","target":["https:\/\/experiencies.resortlacosta.com\/fr\/produit\/birdie-golf-experience\/"]}]},{"@type":"BreadcrumbList","@id":"https:\/\/experiencies.resortlacosta.com\/fr\/produit\/birdie-golf-experience\/#breadcrumb","itemListElement":[{"@type":"ListItem","position":1,"name":"Portada","item":"https:\/\/experiencies.resortlacosta.com\/fr\/"},{"@type":"ListItem","position":2,"name":"Birdie Golf Experience"}]}]}},"_links":{"self":[{"href":"https:\/\/experiencies.resortlacosta.com\/fr\/wp-json\/wp\/v2\/product\/420","targetHints":{"allow":["GET"]}}],"collection":[{"href":"https:\/\/experiencies.resortlacosta.com\/fr\/wp-json\/wp\/v2\/product"}],"about":[{"href":"https:\/\/experiencies.resortlacosta.com\/fr\/wp-json\/wp\/v2\/types\/product"}],"replies":[{"embeddable":true,"href":"https:\/\/experiencies.resortlacosta.com\/fr\/wp-json\/wp\/v2\/comments?post=420"}],"wp:featuredmedia":[{"embeddable":true,"href":"https:\/\/experiencies.resortlacosta.com\/fr\/wp-json\/wp\/v2\/media\/304"}],"wp:attachment":[{"href":"https:\/\/experiencies.resortlacosta.com\/fr\/wp-json\/wp\/v2\/media?parent=420"}],"wp:term":[{"taxonomy":"product_cat","embeddable":true,"href":"https:\/\/experiencies.resortlacosta.com\/fr\/wp-json\/wp\/v2\/product_cat?post=420"},{"taxonomy":"product_tag","embeddable":true,"href":"https:\/\/experiencies.resortlacosta.com\/fr\/wp-json\/wp\/v2\/product_tag?post=420"}],"curies":[{"name":"wp","href":"https:\/\/api.w.org\/{rel}","templated":true}]}}