{"id":457,"date":"2022-06-15T15:26:44","date_gmt":"2022-06-15T15:26:44","guid":{"rendered":"https:\/\/experiencies.resortlacosta.com\/?post_type=product&#038;p=457"},"modified":"2025-12-16T13:58:42","modified_gmt":"2025-12-16T13:58:42","slug":"experience-gastronomique-au-milieu-des-pins-centenaires-menu-riz-de-pals-copia","status":"publish","type":"product","link":"https:\/\/experiencies.resortlacosta.com\/fr\/produit\/experience-gastronomique-au-milieu-des-pins-centenaires-menu-riz-de-pals-copia\/","title":{"rendered":"Exp\u00e9rience gastronomique au milieu des pins centenaires: menu riz de Pals"},"content":{"rendered":"<p>Menu de riz de Pals pour deux au Restaurant Golf de Pals<\/p>\n","protected":false},"excerpt":{"rendered":"<p><strong>D\u00e9gustez un d\u00e9licieux menu pour deux personnes \u00e0 base de riz de Pals parmi des pins centenaires au Restaurant del Golf de Pals.<\/strong><\/p>\n<p>L&rsquo;exp\u00e9rience comprend diff\u00e9rentes entr\u00e9es, une casserole de riz Pals, des desserts et des boissons.<\/p>\n","protected":false},"featured_media":305,"comment_status":"open","ping_status":"closed","template":"","meta":[],"product_cat":[45],"product_tag":[47],"class_list":["post-457","product","type-product","status-publish","has-post-thumbnail","hentry","product_cat-gastronomia-fr","product_tag-aquamare-fr"],"acf":[],"yoast_head":"<!-- This site is optimized with the Yoast SEO plugin v19.1 - https:\/\/yoast.com\/wordpress\/plugins\/seo\/ -->\n<title>Exp\u00e9rience gastronomique au milieu des pins centenaires: menu riz de Pals - Resort La Costa<\/title>\n<meta name=\"robots\" content=\"index, follow, max-snippet:-1, max-image-preview:large, max-video-preview:-1\" \/>\n<link rel=\"canonical\" href=\"https:\/\/experiencies.resortlacosta.com\/fr\/produit\/experience-gastronomique-au-milieu-des-pins-centenaires-menu-riz-de-pals-copia\/\" \/>\n<meta property=\"og:locale\" content=\"fr_FR\" \/>\n<meta property=\"og:type\" content=\"article\" \/>\n<meta property=\"og:title\" content=\"Exp\u00e9rience gastronomique au milieu des pins centenaires: menu riz de Pals - Resort La Costa\" \/>\n<meta property=\"og:description\" content=\"D\u00e9gustez un d\u00e9licieux menu pour deux personnes \u00e0 base de riz de Pals parmi des pins centenaires au Restaurant del Golf de Pals.  L&#039;exp\u00e9rience comprend diff\u00e9rentes entr\u00e9es, une casserole de riz Pals, des desserts et des boissons.\" \/>\n<meta property=\"og:url\" content=\"https:\/\/experiencies.resortlacosta.com\/fr\/produit\/experience-gastronomique-au-milieu-des-pins-centenaires-menu-riz-de-pals-copia\/\" \/>\n<meta property=\"og:site_name\" content=\"Resort La Costa\" \/>\n<meta property=\"article:modified_time\" content=\"2025-12-16T13:58:42+00:00\" \/>\n<meta property=\"og:image\" content=\"https:\/\/experiencies.resortlacosta.com\/wp-content\/uploads\/2022\/06\/ArrosPals_plat_ElmMurcia_2_2021-scaled.jpg\" \/>\n\t<meta property=\"og:image:width\" content=\"1920\" \/>\n\t<meta property=\"og:image:height\" content=\"2560\" \/>\n\t<meta property=\"og:image:type\" content=\"image\/jpeg\" \/>\n<meta name=\"twitter:card\" content=\"summary_large_image\" \/>\n<script type=\"application\/ld+json\" class=\"yoast-schema-graph\">{\"@context\":\"https:\/\/schema.org\",\"@graph\":[{\"@type\":\"WebSite\",\"@id\":\"https:\/\/experiencies.resortlacosta.com\/#website\",\"url\":\"https:\/\/experiencies.resortlacosta.com\/\",\"name\":\"Resort La Costa\",\"description\":\"\",\"potentialAction\":[{\"@type\":\"SearchAction\",\"target\":{\"@type\":\"EntryPoint\",\"urlTemplate\":\"https:\/\/experiencies.resortlacosta.com\/?s={search_term_string}\"},\"query-input\":\"required name=search_term_string\"}],\"inLanguage\":\"fr-FR\"},{\"@type\":\"ImageObject\",\"inLanguage\":\"fr-FR\",\"@id\":\"https:\/\/experiencies.resortlacosta.com\/fr\/produit\/experience-gastronomique-au-milieu-des-pins-centenaires-menu-riz-de-pals-copia\/#primaryimage\",\"url\":\"https:\/\/experiencies.resortlacosta.com\/wp-content\/uploads\/2022\/06\/ArrosPals_plat_ElmMurcia_2_2021-scaled.jpg\",\"contentUrl\":\"https:\/\/experiencies.resortlacosta.com\/wp-content\/uploads\/2022\/06\/ArrosPals_plat_ElmMurcia_2_2021-scaled.jpg\",\"width\":1920,\"height\":2560,\"caption\":\"Processed with VSCO with a6 preset\"},{\"@type\":\"WebPage\",\"@id\":\"https:\/\/experiencies.resortlacosta.com\/fr\/produit\/experience-gastronomique-au-milieu-des-pins-centenaires-menu-riz-de-pals-copia\/#webpage\",\"url\":\"https:\/\/experiencies.resortlacosta.com\/fr\/produit\/experience-gastronomique-au-milieu-des-pins-centenaires-menu-riz-de-pals-copia\/\",\"name\":\"Exp\u00e9rience gastronomique au milieu des pins centenaires: menu riz de Pals - Resort La Costa\",\"isPartOf\":{\"@id\":\"https:\/\/experiencies.resortlacosta.com\/#website\"},\"primaryImageOfPage\":{\"@id\":\"https:\/\/experiencies.resortlacosta.com\/fr\/produit\/experience-gastronomique-au-milieu-des-pins-centenaires-menu-riz-de-pals-copia\/#primaryimage\"},\"datePublished\":\"2022-06-15T15:26:44+00:00\",\"dateModified\":\"2025-12-16T13:58:42+00:00\",\"breadcrumb\":{\"@id\":\"https:\/\/experiencies.resortlacosta.com\/fr\/produit\/experience-gastronomique-au-milieu-des-pins-centenaires-menu-riz-de-pals-copia\/#breadcrumb\"},\"inLanguage\":\"fr-FR\",\"potentialAction\":[{\"@type\":\"ReadAction\",\"target\":[\"https:\/\/experiencies.resortlacosta.com\/fr\/produit\/experience-gastronomique-au-milieu-des-pins-centenaires-menu-riz-de-pals-copia\/\"]}]},{\"@type\":\"BreadcrumbList\",\"@id\":\"https:\/\/experiencies.resortlacosta.com\/fr\/produit\/experience-gastronomique-au-milieu-des-pins-centenaires-menu-riz-de-pals-copia\/#breadcrumb\",\"itemListElement\":[{\"@type\":\"ListItem\",\"position\":1,\"name\":\"Portada\",\"item\":\"https:\/\/experiencies.resortlacosta.com\/fr\/\"},{\"@type\":\"ListItem\",\"position\":2,\"name\":\"Exp\u00e9rience gastronomique au milieu des pins centenaires: menu riz de Pals\"}]}]}<\/script>\n<!-- \/ Yoast SEO plugin. -->","yoast_head_json":{"title":"Exp\u00e9rience gastronomique au milieu des pins centenaires: menu riz de Pals - Resort La Costa","robots":{"index":"index","follow":"follow","max-snippet":"max-snippet:-1","max-image-preview":"max-image-preview:large","max-video-preview":"max-video-preview:-1"},"canonical":"https:\/\/experiencies.resortlacosta.com\/fr\/produit\/experience-gastronomique-au-milieu-des-pins-centenaires-menu-riz-de-pals-copia\/","og_locale":"fr_FR","og_type":"article","og_title":"Exp\u00e9rience gastronomique au milieu des pins centenaires: menu riz de Pals - Resort La Costa","og_description":"D\u00e9gustez un d\u00e9licieux menu pour deux personnes \u00e0 base de riz de Pals parmi des pins centenaires au Restaurant del Golf de Pals.  L'exp\u00e9rience comprend diff\u00e9rentes entr\u00e9es, une casserole de riz Pals, des desserts et des boissons.","og_url":"https:\/\/experiencies.resortlacosta.com\/fr\/produit\/experience-gastronomique-au-milieu-des-pins-centenaires-menu-riz-de-pals-copia\/","og_site_name":"Resort La Costa","article_modified_time":"2025-12-16T13:58:42+00:00","og_image":[{"width":1920,"height":2560,"url":"https:\/\/experiencies.resortlacosta.com\/wp-content\/uploads\/2022\/06\/ArrosPals_plat_ElmMurcia_2_2021-scaled.jpg","type":"image\/jpeg"}],"twitter_card":"summary_large_image","schema":{"@context":"https:\/\/schema.org","@graph":[{"@type":"WebSite","@id":"https:\/\/experiencies.resortlacosta.com\/#website","url":"https:\/\/experiencies.resortlacosta.com\/","name":"Resort La Costa","description":"","potentialAction":[{"@type":"SearchAction","target":{"@type":"EntryPoint","urlTemplate":"https:\/\/experiencies.resortlacosta.com\/?s={search_term_string}"},"query-input":"required name=search_term_string"}],"inLanguage":"fr-FR"},{"@type":"ImageObject","inLanguage":"fr-FR","@id":"https:\/\/experiencies.resortlacosta.com\/fr\/produit\/experience-gastronomique-au-milieu-des-pins-centenaires-menu-riz-de-pals-copia\/#primaryimage","url":"https:\/\/experiencies.resortlacosta.com\/wp-content\/uploads\/2022\/06\/ArrosPals_plat_ElmMurcia_2_2021-scaled.jpg","contentUrl":"https:\/\/experiencies.resortlacosta.com\/wp-content\/uploads\/2022\/06\/ArrosPals_plat_ElmMurcia_2_2021-scaled.jpg","width":1920,"height":2560,"caption":"Processed with VSCO with a6 preset"},{"@type":"WebPage","@id":"https:\/\/experiencies.resortlacosta.com\/fr\/produit\/experience-gastronomique-au-milieu-des-pins-centenaires-menu-riz-de-pals-copia\/#webpage","url":"https:\/\/experiencies.resortlacosta.com\/fr\/produit\/experience-gastronomique-au-milieu-des-pins-centenaires-menu-riz-de-pals-copia\/","name":"Exp\u00e9rience gastronomique au milieu des pins centenaires: menu riz de Pals - Resort La Costa","isPartOf":{"@id":"https:\/\/experiencies.resortlacosta.com\/#website"},"primaryImageOfPage":{"@id":"https:\/\/experiencies.resortlacosta.com\/fr\/produit\/experience-gastronomique-au-milieu-des-pins-centenaires-menu-riz-de-pals-copia\/#primaryimage"},"datePublished":"2022-06-15T15:26:44+00:00","dateModified":"2025-12-16T13:58:42+00:00","breadcrumb":{"@id":"https:\/\/experiencies.resortlacosta.com\/fr\/produit\/experience-gastronomique-au-milieu-des-pins-centenaires-menu-riz-de-pals-copia\/#breadcrumb"},"inLanguage":"fr-FR","potentialAction":[{"@type":"ReadAction","target":["https:\/\/experiencies.resortlacosta.com\/fr\/produit\/experience-gastronomique-au-milieu-des-pins-centenaires-menu-riz-de-pals-copia\/"]}]},{"@type":"BreadcrumbList","@id":"https:\/\/experiencies.resortlacosta.com\/fr\/produit\/experience-gastronomique-au-milieu-des-pins-centenaires-menu-riz-de-pals-copia\/#breadcrumb","itemListElement":[{"@type":"ListItem","position":1,"name":"Portada","item":"https:\/\/experiencies.resortlacosta.com\/fr\/"},{"@type":"ListItem","position":2,"name":"Exp\u00e9rience gastronomique au milieu des pins centenaires: menu riz de Pals"}]}]}},"_links":{"self":[{"href":"https:\/\/experiencies.resortlacosta.com\/fr\/wp-json\/wp\/v2\/product\/457","targetHints":{"allow":["GET"]}}],"collection":[{"href":"https:\/\/experiencies.resortlacosta.com\/fr\/wp-json\/wp\/v2\/product"}],"about":[{"href":"https:\/\/experiencies.resortlacosta.com\/fr\/wp-json\/wp\/v2\/types\/product"}],"replies":[{"embeddable":true,"href":"https:\/\/experiencies.resortlacosta.com\/fr\/wp-json\/wp\/v2\/comments?post=457"}],"wp:featuredmedia":[{"embeddable":true,"href":"https:\/\/experiencies.resortlacosta.com\/fr\/wp-json\/wp\/v2\/media\/305"}],"wp:attachment":[{"href":"https:\/\/experiencies.resortlacosta.com\/fr\/wp-json\/wp\/v2\/media?parent=457"}],"wp:term":[{"taxonomy":"product_cat","embeddable":true,"href":"https:\/\/experiencies.resortlacosta.com\/fr\/wp-json\/wp\/v2\/product_cat?post=457"},{"taxonomy":"product_tag","embeddable":true,"href":"https:\/\/experiencies.resortlacosta.com\/fr\/wp-json\/wp\/v2\/product_tag?post=457"}],"curies":[{"name":"wp","href":"https:\/\/api.w.org\/{rel}","templated":true}]}}